{"id":498,"date":"2023-11-20T13:27:14","date_gmt":"2023-11-20T13:27:14","guid":{"rendered":"https:\/\/megadigital.asia\/en\/?page_id=498"},"modified":"2023-11-20T13:28:52","modified_gmt":"2023-11-20T13:28:52","slug":"chinh-sach-thanh-toan","status":"publish","type":"page","link":"https:\/\/megadigital.asia\/en\/chinh-sach-thanh-toan\/","title":{"rendered":"Ch\u00ednh s\u00e1ch thanh to\u00e1n"},"content":{"rendered":"<div data-slate-fragment=\"JTdCJTIyb2JqZWN0JTIyJTNBJTIyZG9jdW1lbnQlMjIlMkMlMjJkYXRhJTIyJTNBJTdCJTdEJTJDJTIybm9kZXMlMjIlM0ElNUIlN0IlMjJvYmplY3QlMjIlM0ElMjJibG9jayUyMiUyQyUyMnR5cGUlMjIlM0ElMjJoZWFkaW5nLTMlMjIlMkMlMjJpc1ZvaWQlMjIlM0FmYWxzZSUyQyUyMmRhdGElMjIlM0ElN0IlN0QlMkMlMjJub2RlcyUyMiUzQSU1QiU3QiUyMm9iamVjdCUyMiUzQSUyMnRleHQlMjIlMkMlMjJsZWF2ZXMlMjIlM0ElNUIlN0IlMjJvYmplY3QlMjIlM0ElMjJsZWFmJTIyJTJDJTIydGV4dCUyMiUzQSUyMjEuJTIwUHJlLW9yZGVyJTIwbCVDMyVBMCUyMGclQzMlQUMlM0YlMjIlMkMlMjJtYXJrcyUyMiUzQSU1QiU1RCUyQyUyMnNlbGVjdGlvbnMlMjIlM0ElNUIlNUQlN0QlNUQlMkMlMjJrZXklMjIlM0ElMjI1Mzk4OGJjMjBjNTY0YTU3OTQzNzhlMWRlNzUzODY2MCUyMiU3RCU1RCUyQyUyMmtleSUyMiUzQSUyMjhmYjkxOWUwODBjZTQ5NDg5NDE3OGJhNGMzOWFlNjI1JTIyJTdEJTJDJTdCJTIyb2JqZWN0JTIyJTNBJTIyYmxvY2slMjIlMkMlMjJ0eXBlJTIyJTNBJTIycGFyYWdyYXBoJTIyJTJDJTIyaXNWb2lkJTIyJTNBZmFsc2UlMkMlMjJkYXRhJTIyJTNBJTdCJTdEJTJDJTIybm9kZXMlMjIlM0ElNUIlN0IlMjJvYmplY3QlMjIlM0ElMjJ0ZXh0JTIyJTJDJTIybGVhdmVzJTIyJTNBJTVCJTdCJTIyb2JqZWN0JTIyJTNBJTIybGVhZiUyMiUyQyUyMnRleHQlMjIlM0ElMjIlMjBQcmUtb3JkZXIlMjBsJUMzJUEwJTIwaCVDMyVBQ25oJTIwdGglRTElQkIlQTljJTIwJUM0JTkxJUUxJUJBJUI3dCUyMGMlRTElQkIlOERjJTIwdHIlQzYlQjAlRTElQkIlOUJjJTIwa2hpJTIwaCVDMyVBMG5nJTIwJUM0JTkxJUM2JUIwJUUxJUJCJUEzYyUyMHBoJUMzJUExdCUyMGglQzMlQTBuaCUyQyUyMHRoJUUxJUJCJTlEaSUyMGdpYW4lMjBwaCVDMyVBMXQlMjBoJUMzJUEwbmglMjB2JUMzJUEwJTIwZ2lhbyUyMGglQzMlQTBuZyUyMGQlRTElQkIlQjElMjBraSVFMSVCQSVCRm4lMjAlQzQlOTElQzYlQjAlRTElQkIlQTNjJTIwZ2hpJTIwciVDMyVCNSUyMHRyb25nJTIwcGglRTElQkElQTduJTIwbSVDMyVCNCUyMHQlRTElQkElQTMlMjBjJUUxJUJCJUE3YSUyMG0lRTElQkIlOTdpJTIwcyVFMSVCQSVBM24lMjBwaCVFMSVCQSVBOW0lMkMlMjB0aCVFMSVCQiU5RGklMjBnaWFuJTIwZ2lhbyUyMGglQzMlQTBuZyUyMHRoJUUxJUJCJUIxJTIyJTJDJTIybWFya3MlMjIlM0ElNUIlNUQlMkMlMjJzZWxlY3Rpb25zJTIyJTNBJTVCJTVEJTdEJTVEJTJDJTIya2V5JTIyJTNBJTIyOWFhYTFkMGQxOGIwNGU5NjhiYzhmYTk3NDFiYzdhYjklMjIlN0QlNUQlMkMlMjJrZXklMjIlM0ElMjI3MmRiYjJlOWI4NWM0NDIxODg5OGIxMjlhM2M5NzNhMiUyMiU3RCU1RCUyQyUyMmtleSUyMiUzQSUyMmJiMGI1ZjViOTI4ZDQwZjc4NTk5ZWY0YTE4YjM5ZGNkJTIyJTdE\">\n<div data-rnw-media-class=\"i023vh-1777fci__cdhzog-_b1430-1777fci\">\n<div data-rnw-media-class=\"1ow6zhx-__1wezhl\">\n<div data-key=\"72dbb2e9b85c44218898b129a3c973a2\">\n<div dir=\"auto\">\n<div data-rnw-media-class=\"i023vh-1777fci__cdhzog-_b1430-1777fci\">\n<div data-rnw-media-class=\"1ow6zhx-__1wezhl\">\n<div data-key=\"bf457adbdd2048a2afc09eb35be2001e\">\n<div data-block-content=\"bf457adbdd2048a2afc09eb35be2001e\">\n<div dir=\"auto\" data-rnw-media-class=\"gg6oyi-ubezar-135wba7-16dba41__gg6oyi-ubezar-135wba7-1kfrs79\">\n<div data-rnw-media-class=\"i023vh-1777fci__cdhzog-_b1430-1777fci\">\n<div>\n<div dir=\"auto\"><strong>1. Pre-Order l\u00e0 g\u00ec?<\/strong><\/div>\n<\/div>\n<div dir=\"auto\">\n<p>Pre-order l\u00e0 h\u00ecnh th\u1ee9c \u0111\u1eb7t c\u1ecdc tr\u01b0\u1edbc khi h\u00e0ng \u0111\u01b0\u1ee3c ph\u00e1t h\u00e0nh, th\u1eddi gian ph\u00e1t h\u00e0nh v\u00e0 giao h\u00e0ng d\u1ef1 ki\u1ebfn \u0111\u01b0\u1ee3c ghi r\u00f5 trong ph\u1ea7n m\u00f4 t\u1ea3 c\u1ee7a m\u1ed7i s\u1ea3n ph\u1ea9m, th\u1eddi gian giao h\u00e0ng th\u1ef1c.<\/p>\n<p><strong>2. Quy \u0111\u1ecbnh thanh to\u00e1n<\/strong><\/p>\n<div dir=\"auto\">Qu\u00fd kh\u00e1ch h\u00e0ng vui l\u00f2ng thanh to\u00e1n tr\u01b0\u1edbc 100% t\u1ed5ng gi\u00e1 tr\u1ecb \u0111\u01a1n h\u00e0ng.<\/div>\n<div dir=\"auto\">Megadigital kh\u00f4ng ch\u1ea5p nh\u1eadn thanh to\u00e1n qua COD, \u0111\u1eb7t c\u1ecdc, chuy\u1ec3n kho\u1ea3n 1 ph\u1ea7n.<\/div>\n<p><strong>3. Ph\u01b0\u01a1ng th\u1ee9c thanh to\u00e1n<\/strong><\/p>\n<p>Chuy\u1ec3n kho\u1ea3n ng\u00e2n h\u00e0ng v\u1edbi th\u00f4ng tin \u0111\u01b0\u1ee3c ch\u1ec9 \u0111\u1ecbnh tr\u1ef1c thu\u1ed9c Mega Digital.<\/p>\n<p><strong>4. Th\u1eddi gian ch\u1edd thanh to\u00e1n<\/strong><\/p>\n<\/div>\n<div>\n<div dir=\"auto\">Th\u1eddi gian ch\u1edd m\u1eb7c \u0111\u1ecbnh c\u1ee7a h\u1ec7 th\u1ed1ng l\u00e0 24h. Sau 24h, \u0111\u01a1n \u0111\u1eb7t h\u00e0ng c\u1ee7a b\u1ea1n s\u1ebd t\u1ef1 \u0111\u1ed9ng b\u1ecb h\u1ee7y. Khi n\u00e0y b\u1ea1n c\u00f3 c\u1ea7n \u0111\u0103ng k\u00fd \u0111\u01a1n h\u00e0ng m\u1edbi v\u00e0 ti\u1ebfn h\u00e0nh thanh to\u00e1n l\u1ea1i \u0111\u1ec3 k\u00edch ho\u1ea1t.<\/div>\n<\/div>\n<\/div>\n<\/div>\n<\/div>\n<\/div>\n<\/div>\n<\/div>\n<\/div>\n<\/div>\n<\/div>\n<\/div>\n<\/div>\n<p><strong>5. Ho\u00e0n ti\u1ec1n<\/strong><\/p>\n<p>Mega Digital s\u1ebd ho\u00e0n ti\u1ec1n trong 15 ng\u00e0y k\u1ec3 t\u1eeb khi nh\u1eadn \u0111\u01b0\u1ee3c th\u00f4ng b\u00e1o v\u00e0 ph\u00eda Mega Digital x\u00e1c nh\u1eadn th\u00f4ng b\u00e1o ( kh\u00f4ng t\u00ednh T7, ch\u1ee7 nh\u1eadt, ng\u00e0y l\u1ec5 t\u1ebft )<\/p>\n<p>N\u1ec1n t\u1ea3ng \u00e1p d\u1ee5ng ho\u00e0n ti\u1ec1n:<\/p>\n<ul>\n<li>Academy<\/li>\n<\/ul>\n<p>N\u1ec1n t\u1ea3ng kh\u00f4ng \u00e1p d\u1ee5ng ho\u00e0n ti\u1ec1n:<\/p>\n<ul>\n<li>C\u00e1c n\u1ed9i dung c\u00f2n l\u1ea1i ( tr\u1eeb Academy )<\/li>\n<\/ul>\n<p><strong>6. VAT<\/strong><\/p>\n<p>Mega Digital c\u00f3 xu\u1ea5t VAT cho t\u1ea5t c\u1ea3 h\u1ecdc vi\u00ean \u0111\u0103ng k\u00fd \u00e1p d\u1ee5ng v\u1edbi Academy v\u00e0 Agency. N\u1ebfu xu\u1ea5t VAT, b\u1ea1n vui l\u00f2ng thanh to\u00e1n th\u00eam 10%.<\/p>\n","protected":false},"excerpt":{"rendered":"<p>1. Pre-Order l\u00e0 g\u00ec? Pre-order l\u00e0 h\u00ecnh th\u1ee9c \u0111\u1eb7t c\u1ecdc tr\u01b0\u1edbc khi h\u00e0ng \u0111\u01b0\u1ee3c ph\u00e1t h\u00e0nh, th\u1eddi gian ph\u00e1t h\u00e0nh v\u00e0 giao h\u00e0ng d\u1ef1 ki\u1ebfn \u0111\u01b0\u1ee3c ghi r\u00f5 trong ph\u1ea7n m\u00f4 t\u1ea3 c\u1ee7a m\u1ed7i s\u1ea3n ph\u1ea9m, th\u1eddi gian giao h\u00e0ng th\u1ef1c. 2. Quy \u0111\u1ecbnh thanh to\u00e1n Qu\u00fd kh\u00e1ch h\u00e0ng vui l\u00f2ng thanh to\u00e1n tr\u01b0\u1edbc 100% [&hellip;]<\/p>\n","protected":false},"author":2,"featured_media":0,"parent":0,"menu_order":0,"comment_status":"closed","ping_status":"closed","template":"","meta":{"om_disable_all_campaigns":false,"_monsterinsights_skip_tracking":false,"_monsterinsights_sitenote_active":false,"_monsterinsights_sitenote_note":"","_monsterinsights_sitenote_category":0,"footnotes":""},"class_list":["post-498","page","type-page","status-publish","hentry"],"_links":{"self":[{"href":"https:\/\/megadigital.asia\/en\/wp-json\/wp\/v2\/pages\/498","targetHints":{"allow":["GET"]}}],"collection":[{"href":"https:\/\/megadigital.asia\/en\/wp-json\/wp\/v2\/pages"}],"about":[{"href":"https:\/\/megadigital.asia\/en\/wp-json\/wp\/v2\/types\/page"}],"author":[{"embeddable":true,"href":"https:\/\/megadigital.asia\/en\/wp-json\/wp\/v2\/users\/2"}],"replies":[{"embeddable":true,"href":"https:\/\/megadigital.asia\/en\/wp-json\/wp\/v2\/comments?post=498"}],"version-history":[{"count":3,"href":"https:\/\/megadigital.asia\/en\/wp-json\/wp\/v2\/pages\/498\/revisions"}],"predecessor-version":[{"id":502,"href":"https:\/\/megadigital.asia\/en\/wp-json\/wp\/v2\/pages\/498\/revisions\/502"}],"wp:attachment":[{"href":"https:\/\/megadigital.asia\/en\/wp-json\/wp\/v2\/media?parent=498"}],"curies":[{"name":"wp","href":"https:\/\/api.w.org\/{rel}","templated":true}]}}